{"id":909,"date":"2020-04-11T11:21:02","date_gmt":"2020-04-11T11:21:02","guid":{"rendered":"https:\/\/themecrafter.com\/kyber\/?page_id=909"},"modified":"2025-08-05T11:32:49","modified_gmt":"2025-08-05T11:32:49","slug":"hakkimizda","status":"publish","type":"page","link":"https:\/\/www.bluemarinsurvey.com\/en\/hakkimizda\/","title":{"rendered":"About Us"},"content":{"rendered":"<div class=\"vc_row wpb_row vc_row-fluid kyber-about-us2 vc_custom_1588479295886 vc_custom_1588479295889 vc_row-has-fill kyber-bg-color-transparent kyber-background-position-center-center kyber-title-color-default\"><div class=\"wpb_column vc_column_container vc_col-sm-12 vc_col-lg-6 vc_col-md-6 vc_col-has-fill kyber-bg-color-transparent kyber-background-position-center-center kyber-title-color-default\"><div class=\"vc_column-inner vc_custom_1587125037824\"><div class=\"wpb_wrapper\">\t\t<div  class=\"kyber_custom_heading_wrapper kyber-custom-heading-2058653232 kyber-shortcode-wrapper custom-heading-style-1 subtitle-text- title-text- heading-alignment-left\">\r\n\t\t\t<div class=\"kyber-custom-heading-wrapper\">\r\n\t\t\t<div class=\"kyber-heading-title-wrapper\">\r\n\t\t\t<h6 class=\"heading-title\">\r\n\t\t\t\tHakk\u0131m\u0131zda\t\t\t<\/h6>\r\n\t\t<\/div>\r\n\t\t<\/div>\t\t<\/div>\r\n\t\t<div class=\"vc_row wpb_row vc_inner vc_row-fluid kyber-about-introbox position-relative vc_custom_1586792078715 kyber-bg-color-transparent kyber-background-position-left-top kyber-title-color-default\"><div class=\"wpb_column vc_column_container vc_col-sm-12 kyber-bg-color-transparent kyber-background-position-left-top kyber-title-color-default\"><div class=\"vc_column-inner\"><div class=\"wpb_wrapper\"><h4 style=\"font-size: 18px;line-height: 20px;text-align: left\" class=\"vc_custom_heading\" >Denizcilik sekt\u00f6r\u00fcn\u00fcn farkl\u0131 kesimlerinden gelen insan kayna\u011f\u0131m\u0131z ve k\u0131rk y\u0131l\u0131 a\u015fan deneyimimizin sinerjisini kullanarak denizlerimizdeki teknelerin g\u00fcvenle seyir yapabilmelerine katk\u0131 sa\u011flamak amac\u0131yla yola \u00e7\u0131kt\u0131k.<\/h4>\n\t<div class=\"wpb_text_column wpb_content_element  vc_custom_1684281945825\" >\n\t\t<div class=\"wpb_wrapper\">\n\t\t\t<p class=\"has-text-align-center has-text-color\" style=\"text-align: left;\">Tersanecilik sekt\u00f6r\u00fcnden edindi\u011fimiz deneyimle;<\/p>\n<ul style=\"text-align: left;\">\n<li>Teknelerin t\u00fcm ya\u015fam d\u00f6ng\u00fcs\u00fcnde kar\u015f\u0131la\u015f\u0131labilecek sorunlar\u0131n k\u00f6k nedenlerine eri\u015febilme yetene\u011fimiz,<\/li>\n<li>Kaliteli \u00fcr\u00fcnlerin\/teknelerin ortaya \u00e7\u0131kar\u0131labilmesi amac\u0131yla m\u00fckemmeli arama al\u0131\u015fkanl\u0131\u011f\u0131m\u0131z,<\/li>\n<li>Montaj ile ba\u015flay\u0131p kabul testleri ile sonu\u00e7lanan s\u00fcre\u00e7te tekne sistemlerinin performans de\u011ferlendirmelerine y\u00f6nelik profesyonelli\u011fimiz,<\/li>\n<li>G\u00fcvenli bir tekne \u00fcretimi i\u00e7in gerekli olan klas kurallar\u0131na ve uluslararas\u0131 standartlara olan hakimiyetimiz,<\/li>\n<li>G\u00f6revli olarak bulundu\u011fumuz yurt d\u0131\u015f\u0131 tersanelerinde elde etti\u011fimiz deneyimlerimiz ve ald\u0131\u011f\u0131m\u0131z e\u011fitimlerimiz,<\/li>\n<li>\u0130deal tekne s\u00f6rveyinin ger\u00e7ekle\u015ftirilmesine y\u00f6nelik kontrol ve test y\u00f6ntemleri ile ilgili profesyonelli\u011fimiz.<\/li>\n<\/ul>\n<p class=\"has-text-align-center has-text-color\" style=\"text-align: left;\">Askeri ve ticari bahriyeden edindi\u011fimiz deneyimle;<\/p>\n<ul style=\"text-align: left;\">\n<li>Y\u00fcksek teknolojileri kullanma al\u0131\u015fkanl\u0131\u011f\u0131m\u0131z,<\/li>\n<li>Uluslararas\u0131 alanda \u00e7e\u015fitli \u00fclkelerin liman otoriteleriyle s\u00fcrd\u00fcrd\u00fc\u011f\u00fcm\u00fcz denetim kaynakl\u0131 ili\u015fkilerimiz,<\/li>\n<li>Zorlu tabiat ko\u015fullar\u0131nda g\u00f6rev yapm\u0131\u015f olman\u0131n sonucu olarak, tekne kullan\u0131c\u0131lar\u0131na kar\u015f\u0131 geli\u015ftirdi\u011fimiz empati duygusu,<\/li>\n<li>Gemi i\u015fletiminin kendine \u00f6zg\u00fc \u015fartlar\u0131nda kar\u015f\u0131m\u0131za \u00e7\u0131kan teknik problemleri tespit etme ve \u00e7\u00f6zme yetene\u011fimiz,<\/li>\n<\/ul>\n<p class=\"has-text-align-center has-text-color\" style=\"text-align: left;\">Yat\u00e7\u0131l\u0131k ve yelkencilik e\u011fitimi sekt\u00f6r\u00fcnden edindi\u011fimiz deneyimle;<\/p>\n<ul>\n<li style=\"text-align: left;\">Uluslararas\u0131 sertifikaya sahip e\u011fitmenlerimizin operasyonel ihtiya\u00e7lar konusundaki dan\u0131\u015fmanl\u0131\u011f\u0131,<\/li>\n<li style=\"text-align: left;\">Dan\u0131\u015fmanlar\u0131m\u0131z\u0131n yelkencilik ve yat\u00e7\u0131l\u0131k konusundaki profesyonelli\u011fi.<\/li>\n<\/ul>\n\n\t\t<\/div>\n\t<\/div>\n\n\t<div class=\"wpb_text_column wpb_content_element  vc_custom_1684280446067\" >\n\t\t<div class=\"wpb_wrapper\">\n\t\t\t<h6>40 Y\u0131ll\u0131k Tecr\u00fcbe ile&#8230;<\/h6>\n\n\t\t<\/div>\n\t<\/div>\n<h5 style=\"font-size: 18px;line-height: 18px;text-align: left\" class=\"vc_custom_heading vc_custom_1684280550871\" ><a href=\"https:\/\/www.bluemarinsurvey.com\/hizmetlerimiz\/\">Hizmetlerimiz<\/a><\/h5><\/div><\/div><\/div><\/div><\/div><\/div><\/div><div class=\"wpb_column vc_column_container vc_col-sm-12 vc_col-lg-6 vc_col-md-6 kyber-bg-color-transparent kyber-background-position-left-top kyber-title-color-default\"><div class=\"vc_column-inner  vc_custom_1587126085058\"><div class=\"wpb_wrapper\">\n\t<div  class=\"wpb_single_image wpb_content_element vc_align_right  vc_custom_1684281207694\">\n\t\t\n\t\t<figure class=\"wpb_wrapper vc_figure\">\n\t\t\t<div class=\"vc_single_image-wrapper   vc_box_border_grey\"><img loading=\"lazy\" decoding=\"async\" width=\"1140\" height=\"1707\" src=\"https:\/\/www.bluemarinsurvey.com\/wp-content\/uploads\/2023\/05\/ENG2171-scaled-1.jpg\" class=\"vc_single_image-img attachment-full\" alt=\"\" title=\"ENG2171-scaled\" srcset=\"https:\/\/www.bluemarinsurvey.com\/wp-content\/uploads\/2023\/05\/ENG2171-scaled-1.jpg 1140w, https:\/\/www.bluemarinsurvey.com\/wp-content\/uploads\/2023\/05\/ENG2171-scaled-1-200x300.jpg 200w, https:\/\/www.bluemarinsurvey.com\/wp-content\/uploads\/2023\/05\/ENG2171-scaled-1-684x1024.jpg 684w, https:\/\/www.bluemarinsurvey.com\/wp-content\/uploads\/2023\/05\/ENG2171-scaled-1-768x1150.jpg 768w, https:\/\/www.bluemarinsurvey.com\/wp-content\/uploads\/2023\/05\/ENG2171-scaled-1-1026x1536.jpg 1026w, https:\/\/www.bluemarinsurvey.com\/wp-content\/uploads\/2023\/05\/ENG2171-scaled-1-8x12.jpg 8w\" sizes=\"auto, (max-width: 1140px) 100vw, 1140px\" \/><\/div>\n\t\t<\/figure>\n\t<\/div>\n<div class=\"vc_icon_element vc_icon_element-outer about-icon popup-kyber vc_icon_element-align-left vc_icon_element-have-style\"><div class=\"vc_icon_element-inner vc_icon_element-color-custom vc_icon_element-have-style-inner vc_icon_element-size-md vc_icon_element-style-rounded vc_icon_element-background vc_icon_element-background-color-custom\"  style=\"background-color:\"><span class=\"vc_icon_element-icon flaticon-play-button\" style=\"color:#fd962f !important\"><\/span><a class=\"vc_icon_element-link\" href=\"https:\/\/www.youtube.com\/watch?v=lE6UUsrV5_w\"  title=\"\" target=\"_self\"><\/a><\/div><\/div><\/div><\/div><\/div><\/div><div class=\"vc_row wpb_row vc_row-fluid kyber-z-index-2 vc_custom_1586064926132 kyber-bg-color-transparent kyber-background-position-left-top kyber-title-color-default\"><div class=\"wpb_column vc_column_container vc_col-sm-12 kyber-bg-color-transparent kyber-background-position-left-top kyber-title-color-default\"><div class=\"vc_column-inner vc_custom_1586064936583\"><div class=\"wpb_wrapper\">\t\t<div  class=\"kyber_custom_heading_wrapper kyber-custom-heading-796806452 kyber-shortcode-wrapper custom-heading-style-1 subtitle-text- title-text- heading-alignment-left text-center\">\r\n\t\t\t<div class=\"kyber-custom-heading-wrapper\">\r\n\t\t\t<div class=\"kyber-heading-subtitle-wrapper\">\r\n\t\t\t<h3 class=\"heading-subtitle\">\r\n\t\t\t\tEkibimiz\t\t\t<\/h3>\r\n\t\t<\/div>\r\n\t\t\t\t<div class=\"kyber-heading-title-wrapper\">\r\n\t\t\t<h3 class=\"heading-title\">\r\n\t\t\t\tTecr\u00fcbeli Ekibimiz\t\t\t<\/h3>\r\n\t\t<\/div>\r\n\t\t<\/div>\t\t<\/div>\r\n\t\t\t\t<div  class=\"kyber_team_wrapper kyber-team-1007580645 kyber-shortcode-wrapper text-center team-style-1 team-layout-slider\">\r\n\t\t\t<div class=\"owl-carousel owl-theme kyber-service-wrapper\" data-owl_options=\"{&quot;items&quot;:&quot;3&quot;,&quot;loop&quot;:&quot;&quot;,&quot;margin&quot;:30,&quot;nav&quot;:&quot;&quot;,&quot;dots&quot;:&quot;&quot;,&quot;autoplay&quot;:&quot;&quot;,&quot;smartSpeed&quot;:1000,&quot;navText&quot;:[&quot;&lt;i class=&#039;flaticon-left-arrow&#039;&gt;&lt;\\\/i&gt;&quot;,&quot;&lt;i class=&#039;flaticon-next&#039;&gt;&lt;\\\/i&gt;&quot;],&quot;responsive&quot;:{&quot;0&quot;:{&quot;items&quot;:1},&quot;576&quot;:{&quot;items&quot;:2},&quot;768&quot;:{&quot;items&quot;:3},&quot;992&quot;:{&quot;items&quot;:3}}}\">\r\n\t<div class=\"kyber-teammember-slide\">\r\n\t<div class=\"kyber-teammember-wrapper\">\t\t\t\t\r\n\t\t<div class=\"kyber-teammember-thumbnail-wrapper\">\r\n\t\t\t\t\t\t<div class=\"kyber-teammember-image-container\">\r\n\t\t\t\t\t\t\t\t\t<img decoding=\"async\" class=\"teammember-image\" src=\"https:\/\/www.bluemarinsurvey.com\/wp-content\/uploads\/2020\/04\/1663659967608-1-600x645.jpeg\" alt=\"Ulvi Esin\">\r\n\t\t\t\t\t\t\t\t<\/div>\t\t\t\t\t\r\n\t\t<\/div>\r\n\t\t<div class=\"kyber-teammember-content-cover\">\r\n\t\t\t<div class=\"kyber-teammember-title\">\r\n\t\t\t\t<h3 class=\"teammember-title\">\r\n\t\t\t\t\t<a href=\"https:\/\/www.bluemarinsurvey.com\/en\/team\/ulvi-esin\/\" class=\"teammember-title-link\">Ulvi Esin<\/a>\r\n\t\t\t\t<\/h3>\r\n\t\t\t<\/div>\r\n\t\t\t\t\t\t\t<div class=\"kyber-teammember-designation-container\">\r\n\t\t\t\t\t<h5 class=\"kyber-teammember-designation\">Genel M\u00fcd\u00fcr<\/h5>\r\n\t\t\t\t<\/div>\r\n\t\t\t\t\t\t<\/div>\r\n\t<\/div>\r\n<\/div><div class=\"kyber-teammember-slide\">\r\n\t<div class=\"kyber-teammember-wrapper\">\t\t\t\t\r\n\t\t<div class=\"kyber-teammember-thumbnail-wrapper\">\r\n\t\t\t\t\t\t<div class=\"kyber-teammember-image-container\">\r\n\t\t\t\t\t\t\t\t\t<img decoding=\"async\" class=\"teammember-image\" src=\"https:\/\/www.bluemarinsurvey.com\/wp-content\/uploads\/2020\/04\/1663148192504-600x645.jpeg\" alt=\"Serhat Dizdaro\u011flu\">\r\n\t\t\t\t\t\t\t\t<\/div>\t\t\t\t\t\r\n\t\t<\/div>\r\n\t\t<div class=\"kyber-teammember-content-cover\">\r\n\t\t\t<div class=\"kyber-teammember-title\">\r\n\t\t\t\t<h3 class=\"teammember-title\">\r\n\t\t\t\t\t<a href=\"https:\/\/www.bluemarinsurvey.com\/en\/team\/serhat-dizdaroglu\/\" class=\"teammember-title-link\">Serhat Dizdaro\u011flu<\/a>\r\n\t\t\t\t<\/h3>\r\n\t\t\t<\/div>\r\n\t\t\t\t\t\t\t<div class=\"kyber-teammember-designation-container\">\r\n\t\t\t\t\t<h5 class=\"kyber-teammember-designation\">Genel M\u00fcd\u00fcr Yrd.<\/h5>\r\n\t\t\t\t<\/div>\r\n\t\t\t\t\t\t<\/div>\r\n\t<\/div>\r\n<\/div><div class=\"kyber-teammember-slide\">\r\n\t<div class=\"kyber-teammember-wrapper\">\t\t\t\t\r\n\t\t<div class=\"kyber-teammember-thumbnail-wrapper\">\r\n\t\t\t\t\t\t<div class=\"kyber-teammember-image-container\">\r\n\t\t\t\t\t\t\t\t\t<img decoding=\"async\" class=\"teammember-image\" src=\"https:\/\/www.bluemarinsurvey.com\/wp-content\/uploads\/2020\/04\/308713060_10160523197449060_2292363431596828672_n-600x645.jpeg\" alt=\"Bora K\u00fcrek\u00e7i\">\r\n\t\t\t\t\t\t\t\t<\/div>\t\t\t\t\t\r\n\t\t<\/div>\r\n\t\t<div class=\"kyber-teammember-content-cover\">\r\n\t\t\t<div class=\"kyber-teammember-title\">\r\n\t\t\t\t<h3 class=\"teammember-title\">\r\n\t\t\t\t\t<a href=\"https:\/\/www.bluemarinsurvey.com\/en\/team\/bora-kurekci\/\" class=\"teammember-title-link\">Bora K\u00fcrek\u00e7i<\/a>\r\n\t\t\t\t<\/h3>\r\n\t\t\t<\/div>\r\n\t\t\t\t\t\t\t<div class=\"kyber-teammember-designation-container\">\r\n\t\t\t\t\t<h5 class=\"kyber-teammember-designation\">Koordinat\u00f6r<\/h5>\r\n\t\t\t\t<\/div>\r\n\t\t\t\t\t\t<\/div>\r\n\t<\/div>\r\n<\/div><\/div>\t\t<\/div>\r\n\t\t<\/div><\/div><\/div><\/div><div class=\"vc_row wpb_row vc_row-fluid kyber-z-index-2 vc_custom_1733077892376 kyber-bg-color-transparent kyber-background-position-left-top kyber-title-color-default\"><div class=\"wpb_column vc_column_container vc_col-sm-12 kyber-bg-color-transparent kyber-background-position-left-top kyber-title-color-default\"><div class=\"vc_column-inner vc_custom_1586064936583\"><div class=\"wpb_wrapper\">\t\t<div  class=\"kyber_custom_heading_wrapper kyber-custom-heading-8443789 kyber-shortcode-wrapper custom-heading-style-1 subtitle-text- title-text- heading-alignment-left text-center\">\r\n\t\t\t<div class=\"kyber-custom-heading-wrapper\">\r\n\t\t\t<div class=\"kyber-heading-subtitle-wrapper\">\r\n\t\t\t<h3 class=\"heading-subtitle\">\r\n\t\t\t\t\u0130\u015f Bitirme Belgeleri\t\t\t<\/h3>\r\n\t\t<\/div>\r\n\t\t\t\t<div class=\"kyber-heading-title-wrapper\">\r\n\t\t\t<h3 class=\"heading-title\">\r\n\t\t\t\tSertifikalar\t\t\t<\/h3>\r\n\t\t<\/div>\r\n\t\t<\/div>\t\t<\/div>\r\n\t\t<\/div><\/div><\/div><\/div><div class=\"vc_row wpb_row vc_row-fluid kyber-bg-color-transparent kyber-background-position-left-top kyber-title-color-default\"><div class=\"wpb_column vc_column_container vc_col-sm-4 kyber-bg-color-transparent kyber-background-position-left-top kyber-title-color-default\"><div class=\"vc_column-inner vc_custom_1586064936583\"><div class=\"wpb_wrapper\">\n\t<div  class=\"wpb_single_image wpb_content_element vc_align_center\">\n\t\t\n\t\t<figure class=\"wpb_wrapper vc_figure\">\n\t\t\t<div class=\"vc_single_image-wrapper   vc_box_border_grey\"><img loading=\"lazy\" decoding=\"async\" width=\"1810\" height=\"2560\" src=\"https:\/\/www.bluemarinsurvey.com\/wp-content\/uploads\/2024\/12\/stm-belge-scaled.webp\" class=\"vc_single_image-img attachment-full\" alt=\"\" title=\"stm-belge\" srcset=\"https:\/\/www.bluemarinsurvey.com\/wp-content\/uploads\/2024\/12\/stm-belge-scaled.webp 1810w, https:\/\/www.bluemarinsurvey.com\/wp-content\/uploads\/2024\/12\/stm-belge-212x300.webp 212w\" sizes=\"auto, (max-width: 1810px) 100vw, 1810px\" \/><\/div>\n\t\t<\/figure>\n\t<\/div>\n<\/div><\/div><\/div><div class=\"wpb_column vc_column_container vc_col-sm-4 kyber-bg-color-transparent kyber-background-position-left-top kyber-title-color-default\"><div class=\"vc_column-inner\"><div class=\"wpb_wrapper\">\n\t<div  class=\"wpb_single_image wpb_content_element vc_align_center\">\n\t\t\n\t\t<figure class=\"wpb_wrapper vc_figure\">\n\t\t\t<div class=\"vc_single_image-wrapper   vc_box_border_grey\"><img loading=\"lazy\" decoding=\"async\" width=\"1810\" height=\"2560\" src=\"https:\/\/www.bluemarinsurvey.com\/wp-content\/uploads\/2024\/12\/asfat-belge-scaled.webp\" class=\"vc_single_image-img attachment-full\" alt=\"\" title=\"asfat-belge\" srcset=\"https:\/\/www.bluemarinsurvey.com\/wp-content\/uploads\/2024\/12\/asfat-belge-scaled.webp 1810w, https:\/\/www.bluemarinsurvey.com\/wp-content\/uploads\/2024\/12\/asfat-belge-212x300.webp 212w\" sizes=\"auto, (max-width: 1810px) 100vw, 1810px\" \/><\/div>\n\t\t<\/figure>\n\t<\/div>\n<\/div><\/div><\/div><div class=\"wpb_column vc_column_container vc_col-sm-4 kyber-bg-color-transparent kyber-background-position-left-top kyber-title-color-default\"><div class=\"vc_column-inner\"><div class=\"wpb_wrapper\">\n\t<div  class=\"wpb_single_image wpb_content_element vc_align_center\">\n\t\t\n\t\t<figure class=\"wpb_wrapper vc_figure\">\n\t\t\t<div class=\"vc_single_image-wrapper   vc_box_border_grey\"><img loading=\"lazy\" decoding=\"async\" width=\"561\" height=\"797\" src=\"https:\/\/www.bluemarinsurvey.com\/wp-content\/uploads\/2025\/08\/ta-1.jpg\" class=\"vc_single_image-img attachment-full\" alt=\"\" title=\"ta-1\" srcset=\"https:\/\/www.bluemarinsurvey.com\/wp-content\/uploads\/2025\/08\/ta-1.jpg 561w, https:\/\/www.bluemarinsurvey.com\/wp-content\/uploads\/2025\/08\/ta-1-211x300.jpg 211w, https:\/\/www.bluemarinsurvey.com\/wp-content\/uploads\/2025\/08\/ta-1-8x12.jpg 8w\" sizes=\"auto, (max-width: 561px) 100vw, 561px\" \/><\/div>\n\t\t<\/figure>\n\t<\/div>\n<\/div><\/div><\/div><\/div><div data-vc-full-width=\"true\" data-vc-full-width-init=\"false\" class=\"vc_row wpb_row vc_row-fluid arrow-middle-right vc_custom_1588479567174 vc_custom_1588479567176 vc_row-has-fill kyber-bg-color-tertiary kyber-background-position-left-top kyber-title-color-default\"><div class=\"wpb_column vc_column_container vc_col-sm-12 kyber-bg-color-transparent kyber-background-position-left-top kyber-title-color-default\"><div class=\"vc_column-inner\"><div class=\"wpb_wrapper\">\t\t<div  class=\"kyber_custom_heading_wrapper kyber-custom-heading-753298874 kyber-shortcode-wrapper custom-heading-style-1 subtitle-text- title-text- heading-alignment-left text-center\">\r\n\t\t\t<div class=\"kyber-custom-heading-wrapper\">\r\n\t\t\t<div class=\"kyber-heading-subtitle-wrapper\">\r\n\t\t\t<h3 class=\"heading-subtitle\">\r\n\t\t\t\tYorumlar\t\t\t<\/h3>\r\n\t\t<\/div>\r\n\t\t\t\t<div class=\"kyber-heading-title-wrapper\">\r\n\t\t\t<h3 class=\"heading-title\">\r\n\t\t\t\tM\u00fc\u015fterilerimizden Yorumlar\t\t\t<\/h3>\r\n\t\t<\/div>\r\n\t\t<\/div>\t\t<\/div>\r\n\t\t\t\t<div  class=\"kyber_testimonials_wrapper kyber-testimonials-1709613792 kyber-shortcode-wrapper text-center testimonials-style-1\">\r\n\t\t\t<div class=\"owl-carousel owl-theme kyber-testimonials-wrapper\" data-owl_options=\"{&quot;items&quot;:1,&quot;loop&quot;:&quot;&quot;,&quot;nav&quot;:&quot;yes&quot;,&quot;dots&quot;:&quot;&quot;,&quot;smartSpeed&quot;:1000,&quot;autoplay&quot;:&quot;&quot;,&quot;navText&quot;:[&quot;&lt;i class=&#039;flaticon-left-arrow&#039;&gt;&lt;\\\/i&gt;&quot;,&quot;&lt;i class=&#039;flaticon-next&#039;&gt;&lt;\\\/i&gt;&quot;]}\">\r\n\t<div class=\"kyber-testimonial-slide\">\r\n\t<div class=\"kyber-testimonial-wrapper\">\t\t\t\t\r\n\t\t<div class=\"kyber-testimonial-thumbnail-wrapper\">\r\n\t\t\t\t\t\t<div class=\"kyber-testimonial-image-container\">\r\n\t\t\t\t\t\t\t<\/div>\t\t\t\t\t\r\n\t\t<\/div>\r\n\t\t<div class=\"kyber-testimonial-content-cover\">\r\n\t\t\t<div class=\"kyber-testimonial-content\">\t\t\t\t\t\t\r\n\t\t\t\t<p>\u00c7ok kapsaml\u0131 ve profesyonelce y\u00fcr\u00fct\u00fclen s\u00f6rvey i\u00e7in te\u015fekk\u00fcr ederim. Bu benim ilk yat sat\u0131n almam oldu\u011fu i\u00e7in ekibin s\u00f6rveyi y\u00fcr\u00fctme \u015feklinden ve rapordaki bulgulardan son derece memnun kald\u0131m. S\u00f6rvey yapt\u0131rmak isteyen herkese ekibinizi tavsiye ederim.<\/p>\n\t\t\t<\/div>\r\n\t\t\t<div class=\"kyber-testimonials-title\">\r\n\t\t\t\t\t\t\t\t<h3 class=\"testimonial-title\">Jonty Segalsailing<\/h3>\r\n\t\t\t\t\t\t\t\t\t<div class=\"kyber-testimonial-rating\">\r\n\t\t\t\t\t\t\t\t\t\t\t\t\t\t<span class=\"fas fa-star checked\"><\/span>\r\n\t\t\t\t\t\t\t\t\t\t\t\t\t\t\t\t<span class=\"fas fa-star checked\"><\/span>\r\n\t\t\t\t\t\t\t\t\t\t\t\t\t\t\t\t<span class=\"fas fa-star checked\"><\/span>\r\n\t\t\t\t\t\t\t\t\t\t\t\t\t\t\t\t<span class=\"fas fa-star checked\"><\/span>\r\n\t\t\t\t\t\t\t\t\t\t\t\t\t\t\t\t<span class=\"fas fa-star checked\"><\/span>\r\n\t\t\t\t\t\t\t\t\t\t\t\t\t<\/div>\r\n\t\t\t\t\t\t\t\t<\/div>\r\n\t\t<\/div>\r\n\t<\/div>\r\n<\/div><div class=\"kyber-testimonial-slide\">\r\n\t<div class=\"kyber-testimonial-wrapper\">\t\t\t\t\r\n\t\t<div class=\"kyber-testimonial-thumbnail-wrapper\">\r\n\t\t\t\t\t\t<div class=\"kyber-testimonial-image-container\">\r\n\t\t\t\t\t\t\t\t\t<img decoding=\"async\" class=\"testimonial-image\" src=\"https:\/\/www.bluemarinsurvey.com\/wp-content\/uploads\/2020\/04\/mete.jpg\" alt=\"Mete MENG\u00dcTAY\">\r\n\t\t\t\t\t\t\t\t<\/div>\t\t\t\t\t\r\n\t\t<\/div>\r\n\t\t<div class=\"kyber-testimonial-content-cover\">\r\n\t\t\t<div class=\"kyber-testimonial-content\">\t\t\t\t\t\t\r\n\t\t\t\t<p>Sat\u0131n alaca\u011f\u0131m tekne ile ilgili Blue Marin Survey \u015firketine ba\u015fvurdum. Gerekli \u00f6l\u00e7\u00fcm ve detaylar\u0131 inceledikten sonra alaca\u011f\u0131m teknenin bir s\u00fcr\u00fc masraf\u0131 oldu\u011funu \u00f6\u011frendim. Sat\u0131c\u0131ya bana verilen raporu sundu\u011fumda tekne fiyat\u0131ndan ciddi bir indirim ald\u0131m. Hem g\u00fcvenli\u011fim hem de c\u00fczdan\u0131m a\u00e7\u0131s\u0131ndan \u00e7ok rahatlad\u0131m. Blue Marin ailesine \u00e7ok te\u015fekk\u00fcr ediyorum.<\/p>\n\t\t\t<\/div>\r\n\t\t\t<div class=\"kyber-testimonials-title\">\r\n\t\t\t\t\t\t\t\t<h3 class=\"testimonial-title\">Mete MENG\u00dcTAY<\/h3>\r\n\t\t\t\t\t\t\t\t\t<span class=\"testimonial-designation\">\r\n\t\t\t\t\t - Well Made Agency - Kurucu Ortak\t\t\t\t\t<\/span>\r\n\t\t\t\t\t\t\t\t\t\t<div class=\"kyber-testimonial-rating\">\r\n\t\t\t\t\t\t\t\t\t\t\t\t\t\t<span class=\"fas fa-star checked\"><\/span>\r\n\t\t\t\t\t\t\t\t\t\t\t\t\t\t\t\t<span class=\"fas fa-star checked\"><\/span>\r\n\t\t\t\t\t\t\t\t\t\t\t\t\t\t\t\t<span class=\"fas fa-star checked\"><\/span>\r\n\t\t\t\t\t\t\t\t\t\t\t\t\t\t\t\t<span class=\"fas fa-star checked\"><\/span>\r\n\t\t\t\t\t\t\t\t\t\t\t\t\t\t\t\t<span class=\"fas fa-star checked\"><\/span>\r\n\t\t\t\t\t\t\t\t\t\t\t\t\t<\/div>\r\n\t\t\t\t\t\t\t\t<\/div>\r\n\t\t<\/div>\r\n\t<\/div>\r\n<\/div><\/div>\t\t<\/div>\r\n\t\t<\/div><\/div><\/div><\/div><div class=\"vc_row-full-width vc_clearfix\"><\/div>\n","protected":false},"excerpt":{"rendered":"","protected":false},"author":2,"featured_media":0,"parent":0,"menu_order":0,"comment_status":"closed","ping_status":"closed","template":"templates\/full-width.php","meta":{"_eb_attr":"","footnotes":""},"class_list":["post-909","page","type-page","status-publish","hentry"],"_links":{"self":[{"href":"https:\/\/www.bluemarinsurvey.com\/en\/wp-json\/wp\/v2\/pages\/909","targetHints":{"allow":["GET"]}}],"collection":[{"href":"https:\/\/www.bluemarinsurvey.com\/en\/wp-json\/wp\/v2\/pages"}],"about":[{"href":"https:\/\/www.bluemarinsurvey.com\/en\/wp-json\/wp\/v2\/types\/page"}],"author":[{"embeddable":true,"href":"https:\/\/www.bluemarinsurvey.com\/en\/wp-json\/wp\/v2\/users\/2"}],"replies":[{"embeddable":true,"href":"https:\/\/www.bluemarinsurvey.com\/en\/wp-json\/wp\/v2\/comments?post=909"}],"version-history":[{"count":32,"href":"https:\/\/www.bluemarinsurvey.com\/en\/wp-json\/wp\/v2\/pages\/909\/revisions"}],"predecessor-version":[{"id":3655,"href":"https:\/\/www.bluemarinsurvey.com\/en\/wp-json\/wp\/v2\/pages\/909\/revisions\/3655"}],"wp:attachment":[{"href":"https:\/\/www.bluemarinsurvey.com\/en\/wp-json\/wp\/v2\/media?parent=909"}],"curies":[{"name":"wp","href":"https:\/\/api.w.org\/{rel}","templated":true}]}}