{"id":830,"date":"2020-04-09T05:25:30","date_gmt":"2020-04-09T05:25:30","guid":{"rendered":"https:\/\/themecrafter.com\/kyber\/?page_id=830"},"modified":"2023-05-17T00:18:11","modified_gmt":"2023-05-17T00:18:11","slug":"iletisim","status":"publish","type":"page","link":"https:\/\/www.bluemarinsurvey.com\/en\/iletisim\/","title":{"rendered":"Contact"},"content":{"rendered":"<div data-vc-full-width=\"true\" data-vc-full-width-init=\"false\" data-vc-stretch-content=\"true\" class=\"vc_row wpb_row vc_row-fluid kyber-z-index-down vc_custom_1588160106953 kyber-bg-color-transparent kyber-background-position-left-top kyber-title-color-default vc_row-no-padding\"><div class=\"wpb_column vc_column_container vc_col-sm-12 kyber-bg-color-transparent kyber-background-position-left-top kyber-title-color-default\"><div class=\"vc_column-inner\"><div class=\"wpb_wrapper\"><div class=\"wpb_gmaps_widget wpb_content_element\"><div class=\"wpb_wrapper\"><div class=\"wpb_map_wraper\"><iframe src=\"https:\/\/www.google.com\/maps\/embed?pb=!1m18!1m12!1m3!1d12048.380588259544!2d29.029236416564334!3d40.97939733975919!2m3!1f0!2f0!3f0!3m2!1i1024!2i768!4f13.1!3m3!1m2!1s0x14cab87dd0415d5d%3A0xd1073569b527124!2sBlue%20Marine%20Survey!5e0!3m2!1str!2str!4v1683295940373!5m2!1str!2str\" width=\"600\" height=\"450\" style=\"border:0;\" allowfullscreen=\"\" loading=\"lazy\" referrerpolicy=\"no-referrer-when-downgrade\"><\/iframe><\/div><\/div><\/div><\/div><\/div><\/div><\/div><div class=\"vc_row-full-width vc_clearfix\"><\/div><div class=\"vc_row wpb_row vc_row-fluid kyber-contact-info kyber-shadow-1 row-overflow-vs kyber-z-index-3 vc_custom_1588492474996 vc_custom_1588492474998 vc_custom_1588492475000 kyber-bg-color-white kyber-background-position-left-top kyber-title-color-default\"><div class=\"wpb_column vc_column_container vc_col-sm-12 kyber-bg-color-transparent kyber-background-position-left-top kyber-title-color-default\"><div class=\"vc_column-inner\"><div class=\"wpb_wrapper\"><div class=\"vc_row wpb_row vc_inner vc_row-fluid kyber-contact-box-style1 contact-page-box vc_custom_1586752534157 vc_row-has-fill kyber-bg-color-transparent kyber-background-position-left-top kyber-title-color-default\"><div class=\"text-center wpb_column vc_column_container vc_col-sm-12 kyber-bg-color-transparent kyber-background-position-left-top kyber-title-color-default\"><div class=\"vc_column-inner\"><div class=\"wpb_wrapper\">\t\t<div  class=\"kyber_infobox_wrapper kyber-infobox-956226890 kyber-shortcode-wrapper align-items-center icon-type-font infobox-style-4  vc_custom_1659773735427\">\r\n\t\t\t<div class=\"kyber-infobox-wrapper\">\r\n\t\t\t\t\t\t<div class=\"kyber-infobox-icon\"><i class=\"flaticon-call\"><\/i><\/div>\r\n\t\t\t\t\t\t<div class=\"kyber-infobox-content\">\r\n\t\t\t\t\t<div class=\"kyber-infobox-text\">For Your Survey Requests<\/div>\r\n\t\t\t\t\t\t<h3 class=\"kyber-infobox-title\">0 532 324 26 68<\/h3>\r\n\t\t\t\t<\/div>\r\n<\/div>\r\n\t\t<\/div>\r\n\t\t\n\t<div class=\"wpb_text_column wpb_content_element  mb-0\" >\n\t\t<div class=\"wpb_wrapper\">\n\t\t\t<p><a href=\"#\">info@bluemarinsurvey.com<\/a><\/p>\n\n\t\t<\/div>\n\t<\/div>\n\n\t<div class=\"wpb_text_column wpb_content_element  text-uppercase mb-0\" >\n\t\t<div class=\"wpb_wrapper\">\n\t\t\t<h4>--\nCALL US\n--<\/h4>\n\n\t\t<\/div>\n\t<\/div>\n<\/div><\/div><\/div><\/div><div class=\"vc_row wpb_row vc_inner vc_row-fluid vc_custom_1586752737469 kyber-bg-color-transparent kyber-background-position-left-top kyber-title-color-default\"><div class=\"wpb_column vc_column_container vc_col-sm-12 vc_col-lg-4 vc_col-md-4 kyber-bg-color-transparent kyber-background-position-left-top kyber-title-color-default\"><div class=\"vc_column-inner\"><div class=\"wpb_wrapper\"><h2 style=\"font-size: 24px;color: #2ab7a9;text-align: left;font-family:Abril Fatface;font-weight:400;font-style:normal\" class=\"vc_custom_heading\" >Address<\/h2>\n\t<div class=\"wpb_text_column wpb_content_element\" >\n\t\t<div class=\"wpb_wrapper\">\n\t\t\t<p>Fenerbahce Mah.<br \/>\nMunir Nurettin Selcuk Cad.<br \/>\nMarti Apt. No:36\/4<br \/>\n34726 Kadikoy, Istanbul, T\u00fcrkiye<\/p>\n\n\t\t<\/div>\n\t<\/div>\n<\/div><\/div><\/div><div class=\"wpb_column vc_column_container vc_col-sm-4 kyber-bg-color-transparent kyber-background-position-left-top kyber-title-color-default\"><div class=\"vc_column-inner\"><div class=\"wpb_wrapper\"><\/div><\/div><\/div><div class=\"wpb_column vc_column_container vc_col-sm-4 kyber-bg-color-transparent kyber-background-position-left-top kyber-title-color-default\"><div class=\"vc_column-inner\"><div class=\"wpb_wrapper\"><\/div><\/div><\/div><\/div><div class=\"vc_row wpb_row vc_inner vc_row-fluid vc_custom_1588492443227 kyber-bg-color-transparent kyber-background-position-left-top kyber-title-color-default\"><div class=\"wpb_column vc_column_container vc_col-sm-12 kyber-bg-color-transparent kyber-background-position-left-top kyber-title-color-default\"><div class=\"vc_column-inner\"><div class=\"wpb_wrapper\">\t\t<div  class=\"kyber_custom_heading_wrapper kyber-custom-heading-1664843832 kyber-shortcode-wrapper custom-heading-style-1 subtitle-text- title-text- heading-alignment-center\">\r\n\t\t\t<div class=\"kyber-custom-heading-wrapper\">\r\n\t\t\t<div class=\"kyber-heading-subtitle-wrapper\">\r\n\t\t\t<h2 class=\"heading-subtitle\">\r\n\t\t\t\tContact\t\t\t<\/h2>\r\n\t\t<\/div>\r\n\t\t\t\t<div class=\"kyber-heading-title-wrapper\">\r\n\t\t\t<h3 class=\"heading-title\">\r\n\t\t\t\tContact Form\t\t\t<\/h3>\r\n\t\t<\/div>\r\n\t\t<\/div>\t\t<\/div>\r\n\t\t<\/div><\/div><\/div><\/div>\n<div class=\"wpcf7 no-js\" id=\"wpcf7-f3537-o1\" lang=\"en\" dir=\"ltr\" data-wpcf7-id=\"3537\">\n<div class=\"screen-reader-response\"><p role=\"status\" aria-live=\"polite\" aria-atomic=\"true\"><\/p> <ul><\/ul><\/div>\n<form action=\"\/en\/wp-json\/wp\/v2\/pages\/830#wpcf7-f3537-o1\" method=\"post\" class=\"wpcf7-form init\" aria-label=\"Contact form\" novalidate=\"novalidate\" data-status=\"init\" data-trp-original-action=\"\/en\/wp-json\/wp\/v2\/pages\/830#wpcf7-f3537-o1\">\n<fieldset class=\"hidden-fields-container\"><input type=\"hidden\" name=\"_wpcf7\" value=\"3537\" \/><input type=\"hidden\" name=\"_wpcf7_version\" value=\"6.1.5\" \/><input type=\"hidden\" name=\"_wpcf7_locale\" value=\"en\" \/><input type=\"hidden\" name=\"_wpcf7_unit_tag\" value=\"wpcf7-f3537-o1\" \/><input type=\"hidden\" name=\"_wpcf7_container_post\" value=\"0\" \/><input type=\"hidden\" name=\"_wpcf7_posted_data_hash\" value=\"\" \/>\n<\/fieldset>\n<div class=\"content-column one_half\">\n\t<div style=\"padding:\"0;\">\n\t\t<p><label> Name:<br \/>\n<span class=\"wpcf7-form-control-wrap\" data-name=\"your-name\"><input size=\"40\" maxlength=\"400\" class=\"wpcf7-form-control wpcf7-text wpcf7-validates-as-required\" aria-required=\"true\" aria-invalid=\"false\" value=\"\" type=\"text\" name=\"your-name\" \/><\/span> <\/label>\n\t\t<\/p>\n\t<\/div>\n<\/div>\n<div class=\"content-column one_half\">\n\t<div style=\"padding:\"0;\">\n\t\t<p><label> Surname:<br \/>\n<span class=\"wpcf7-form-control-wrap\" data-name=\"your-title\"><input size=\"40\" maxlength=\"400\" class=\"wpcf7-form-control wpcf7-text wpcf7-validates-as-required\" aria-required=\"true\" aria-invalid=\"false\" value=\"\" type=\"text\" name=\"your-title\" \/><\/span> <\/label>\n\t\t<\/p>\n\t<\/div>\n<\/div>\n<div class=\"content-column one_half\">\n\t<div style=\"padding:\"0;\">\n\t\t<p><label> E-mail Address<br \/>\n<span class=\"wpcf7-form-control-wrap\" data-name=\"your-email\"><input size=\"40\" maxlength=\"400\" class=\"wpcf7-form-control wpcf7-email wpcf7-validates-as-required wpcf7-text wpcf7-validates-as-email\" aria-required=\"true\" aria-invalid=\"false\" value=\"\" type=\"email\" name=\"your-email\" \/><\/span> <\/label>\n\t\t<\/p>\n\t<\/div>\n<\/div>\n<div class=\"content-column one_half\">\n\t<div style=\"padding:\"0;\">\n\t\t<p><label> Phone Number<br \/>\n<span class=\"wpcf7-form-control-wrap\" data-name=\"your-telephone\"><input size=\"40\" maxlength=\"400\" class=\"wpcf7-form-control wpcf7-text wpcf7-validates-as-required\" aria-required=\"true\" aria-invalid=\"false\" value=\"\" type=\"text\" name=\"your-telephone\" \/><\/span> <\/label>\n\t\t<\/p>\n\t<\/div>\n<\/div>\n<div class=\"content-column one_half\">\n\t<div style=\"padding:\"0;\">\n\t\t<p><label> Message (Optional)<br \/>\n<span class=\"wpcf7-form-control-wrap\" data-name=\"your-message\"><textarea cols=\"40\" rows=\"10\" maxlength=\"2000\" class=\"wpcf7-form-control wpcf7-textarea\" aria-invalid=\"false\" name=\"your-message\"><\/textarea><\/span> <\/label>\n\t\t<\/p>\n\t<\/div>\n\t<p><span class=\"wpcf7-form-control-wrap\" data-name=\"acceptance-853\"><span class=\"wpcf7-form-control wpcf7-acceptance\"><span class=\"wpcf7-list-item\"><label><input type=\"checkbox\" name=\"acceptance-853\" value=\"1\" aria-invalid=\"false\" \/><span class=\"wpcf7-list-item-label\">I accept that my contact information will be saved.<\/span><\/label><\/span><\/span><\/span>\n\t<\/p>\n<\/div>\n<p><input class=\"wpcf7-form-control wpcf7-submit has-spinner\" type=\"submit\" value=\"SUBMIT\" \/>\n<\/p><div class=\"wpcf7-response-output\" aria-hidden=\"true\"><\/div>\n<input type=\"hidden\" name=\"trp-form-language\" value=\"en\"\/><\/form>\n<\/div>\n<\/div><\/div><\/div><\/div>","protected":false},"excerpt":{"rendered":"For Your Survey Requests 0 532 324 26 68 info@bluemarinsurvey.com CALL US Address Fenerbah\u00e7e Mah. M\u00fcnir Nurettin Sel\u00e7uk Cad. Mart\u0131 Apt. No:36\/4 34726 Kad\u0131k\u00f6y, \u0130stanbul, Turkey Contact Contact Form Surname: Phone Number:","protected":false},"author":2,"featured_media":0,"parent":0,"menu_order":0,"comment_status":"closed","ping_status":"closed","template":"templates\/full-width.php","meta":{"_eb_attr":"","footnotes":""},"class_list":["post-830","page","type-page","status-publish","hentry","without-image"],"_links":{"self":[{"href":"https:\/\/www.bluemarinsurvey.com\/en\/wp-json\/wp\/v2\/pages\/830","targetHints":{"allow":["GET"]}}],"collection":[{"href":"https:\/\/www.bluemarinsurvey.com\/en\/wp-json\/wp\/v2\/pages"}],"about":[{"href":"https:\/\/www.bluemarinsurvey.com\/en\/wp-json\/wp\/v2\/types\/page"}],"author":[{"embeddable":true,"href":"https:\/\/www.bluemarinsurvey.com\/en\/wp-json\/wp\/v2\/users\/2"}],"replies":[{"embeddable":true,"href":"https:\/\/www.bluemarinsurvey.com\/en\/wp-json\/wp\/v2\/comments?post=830"}],"version-history":[{"count":9,"href":"https:\/\/www.bluemarinsurvey.com\/en\/wp-json\/wp\/v2\/pages\/830\/revisions"}],"predecessor-version":[{"id":3538,"href":"https:\/\/www.bluemarinsurvey.com\/en\/wp-json\/wp\/v2\/pages\/830\/revisions\/3538"}],"wp:attachment":[{"href":"https:\/\/www.bluemarinsurvey.com\/en\/wp-json\/wp\/v2\/media?parent=830"}],"curies":[{"name":"wp","href":"https:\/\/api.w.org\/{rel}","templated":true}]}}