{"id":3530,"date":"2023-05-17T00:00:09","date_gmt":"2023-05-17T00:00:09","guid":{"rendered":"https:\/\/www.bluemarinsurvey.com\/?page_id=3530"},"modified":"2023-05-17T00:00:57","modified_gmt":"2023-05-17T00:00:57","slug":"hizmetlerimiz","status":"publish","type":"page","link":"https:\/\/www.bluemarinsurvey.com\/en\/hizmetlerimiz\/","title":{"rendered":"Our Services"},"content":{"rendered":"<div class=\"vc_row wpb_row vc_row-fluid text-center vc_custom_1588487607131 vc_custom_1588487607134 kyber-bg-color-transparent kyber-background-position-left-top kyber-title-color-default\"><div class=\"wpb_column vc_column_container vc_col-sm-12 kyber-bg-color-transparent kyber-background-position-left-top kyber-title-color-default\"><div class=\"vc_column-inner\"><div class=\"wpb_wrapper\">\t\t<div  class=\"kyber_services_wrapper kyber-services-546256423 kyber-shortcode-wrapper services-style-1 services-layout-grid\">\r\n\t\t\t<div class=\"row\">\r\n\t\t\t<div class=\"col-xl-4 col-lg-4 col-md-6 col-sm-12\">\r\n\t\t\t<div class=\"kyber-service-slide\">\n\t<div class=\"kyber-service-service-wrapper\">\t\t\t\t\n\t\t<div class=\"kyber-service-service-thumbnail-wrapper\">\n\t\t\t\t\t\t<div class=\"kyber-service-image-container\">\n\t\t\t\t\t\t\t\t\t<img decoding=\"async\" class=\"service-image\" src=\"https:\/\/www.bluemarinsurvey.com\/wp-content\/uploads\/2023\/05\/bms-satis-oncesi-sorvey-600x340.jpg\" alt=\"Sat\u0131\u015f \u00d6ncesi S\u00f6rvey\">\n\t\t\t\t\t\t\t\t<\/div>\t\t\t\t\t\n\t\t<\/div>\n\t\t<div class=\"kyber-service-content-cover\">\n\t\t\t<div class=\"kyber-service-date\">\n\t\t\t\t\t\t\t<i class=\"flaticon-survey\"><\/i>\n\t\t\t\t\t\t\t<\/div>\n\t\t\t<div class=\"kyber-service-title\">\n\t\t\t\t<h3 class=\"service-title\">Pre-Purchase Survey<\/h3>\n\t\t\t<\/div>\n\t\t\t<div class=\"kyber-service-content\">\t\t\t\t\t\t\n\t\t\t\t<p>Our aim within the scope of pre-purchase survey is to contribute to a sales transaction that will satisfy the interested parties by presenting the real conditions of the boats with evidence, on behalf of the buyer or seller.<\/p>\n\t\t\t\t<a href=\"https:\/\/www.bluemarinsurvey.com\/en\/service\/satis-oncesi-sorvey\/\">Check it out<\/a>\n\t\t\t<\/div>\n\t\t<\/div>\n\t<\/div>\n<\/div>\t\t<\/div>\r\n\t\t\t\t<div class=\"col-xl-4 col-lg-4 col-md-6 col-sm-12\">\r\n\t\t\t<div class=\"kyber-service-slide\">\n\t<div class=\"kyber-service-service-wrapper\">\t\t\t\t\n\t\t<div class=\"kyber-service-service-thumbnail-wrapper\">\n\t\t\t\t\t\t<div class=\"kyber-service-image-container\">\n\t\t\t\t\t\t\t\t\t<img decoding=\"async\" class=\"service-image\" src=\"https:\/\/www.bluemarinsurvey.com\/wp-content\/uploads\/2023\/05\/two-dock-workers-holding-paperwork-while-standing-2022-12-15-18-20-23-utc-1-600x340.jpg\" alt=\"Kapsaml\u0131 Durum S\u00f6rveyi\">\n\t\t\t\t\t\t\t\t<\/div>\t\t\t\t\t\n\t\t<\/div>\n\t\t<div class=\"kyber-service-content-cover\">\n\t\t\t<div class=\"kyber-service-date\">\n\t\t\t\t\t\t\t<i class=\"flaticon-survey\"><\/i>\n\t\t\t\t\t\t\t<\/div>\n\t\t\t<div class=\"kyber-service-title\">\n\t\t\t\t<h3 class=\"service-title\">Condition Survey<\/h3>\n\t\t\t<\/div>\n\t\t\t<div class=\"kyber-service-content\">\t\t\t\t\t\t\n\t\t\t\t<p>To support the decision-making processes with regard to the maintenance, repairment or sales of the boat by reporting the issues that cannot be noticed during the use of the boat and that may cause potential problems, if any.<\/p>\n\t\t\t\t<a href=\"https:\/\/www.bluemarinsurvey.com\/en\/service\/kapsamli-durum-sorveyi\/\">Check it out<\/a>\n\t\t\t<\/div>\n\t\t<\/div>\n\t<\/div>\n<\/div>\t\t<\/div>\r\n\t\t\t\t<div class=\"col-xl-4 col-lg-4 col-md-6 col-sm-12\">\r\n\t\t\t<div class=\"kyber-service-slide\">\n\t<div class=\"kyber-service-service-wrapper\">\t\t\t\t\n\t\t<div class=\"kyber-service-service-thumbnail-wrapper\">\n\t\t\t\t\t\t<div class=\"kyber-service-image-container\">\n\t\t\t\t\t\t\t\t\t<img decoding=\"async\" class=\"service-image\" src=\"https:\/\/www.bluemarinsurvey.com\/wp-content\/uploads\/2022\/08\/ENG2135-1-scaled-e1660860222973-600x340.jpg\" alt=\"Sigorta S\u00f6rveyi\">\n\t\t\t\t\t\t\t\t<\/div>\t\t\t\t\t\n\t\t<\/div>\n\t\t<div class=\"kyber-service-content-cover\">\n\t\t\t<div class=\"kyber-service-date\">\n\t\t\t\t\t\t\t<i class=\"flaticon-survey\"><\/i>\n\t\t\t\t\t\t\t<\/div>\n\t\t\t<div class=\"kyber-service-title\">\n\t\t\t\t<h3 class=\"service-title\">Insurance Survey<\/h3>\n\t\t\t<\/div>\n\t\t\t<div class=\"kyber-service-content\">\t\t\t\t\t\t\n\t\t\t\t<p>As Blue Marin Survey, our main goals are; to determine the deficiencies, if any, at the end of the survey, to follow up on their elimination and to successfully complete the insurance process in favor of all parties.<\/p>\n\t\t\t\t<a href=\"https:\/\/www.bluemarinsurvey.com\/en\/service\/sigorta-sorveyi\/\">Check it out<\/a>\n\t\t\t<\/div>\n\t\t<\/div>\n\t<\/div>\n<\/div>\t\t<\/div>\r\n\t\t\t\t<div class=\"col-xl-4 col-lg-4 col-md-6 col-sm-12\">\r\n\t\t\t<div class=\"kyber-service-slide\">\n\t<div class=\"kyber-service-service-wrapper\">\t\t\t\t\n\t\t<div class=\"kyber-service-service-thumbnail-wrapper\">\n\t\t\t\t\t\t<div class=\"kyber-service-image-container\">\n\t\t\t\t\t\t\t\t\t<img decoding=\"async\" class=\"service-image\" src=\"https:\/\/www.bluemarinsurvey.com\/wp-content\/uploads\/2022\/08\/iStock-1063281814-edited-scaled-e1660982099318-600x340.jpg\" alt=\"Sigorta Hasar S\u00f6rveyi\">\n\t\t\t\t\t\t\t\t<\/div>\t\t\t\t\t\n\t\t<\/div>\n\t\t<div class=\"kyber-service-content-cover\">\n\t\t\t<div class=\"kyber-service-date\">\n\t\t\t\t\t\t\t<i class=\"flaticon-survey\"><\/i>\n\t\t\t\t\t\t\t<\/div>\n\t\t\t<div class=\"kyber-service-title\">\n\t\t\t\t<h3 class=\"service-title\">Insurance Damage Survey<\/h3>\n\t\t\t<\/div>\n\t\t\t<div class=\"kyber-service-content\">\t\t\t\t\t\t\n\t\t\t\t<p>Claims investigations are usually conducted on behalf of the insurance company as a result of a request made to them by the boat owner.<\/p>\n\t\t\t\t<a href=\"https:\/\/www.bluemarinsurvey.com\/en\/service\/sigorta-hasar-sorveyi\/\">Check it out<\/a>\n\t\t\t<\/div>\n\t\t<\/div>\n\t<\/div>\n<\/div>\t\t<\/div>\r\n\t\t\t\t<div class=\"col-xl-4 col-lg-4 col-md-6 col-sm-12\">\r\n\t\t\t<div class=\"kyber-service-slide\">\n\t<div class=\"kyber-service-service-wrapper\">\t\t\t\t\n\t\t<div class=\"kyber-service-service-thumbnail-wrapper\">\n\t\t\t\t\t\t<div class=\"kyber-service-image-container\">\n\t\t\t\t\t\t\t\t\t<img decoding=\"async\" class=\"service-image\" src=\"https:\/\/www.bluemarinsurvey.com\/wp-content\/uploads\/2022\/08\/iStock-1365283652-2-600x340.jpg\" alt=\"Garanti S\u00f6rveyi\">\n\t\t\t\t\t\t\t\t<\/div>\t\t\t\t\t\n\t\t<\/div>\n\t\t<div class=\"kyber-service-content-cover\">\n\t\t\t<div class=\"kyber-service-date\">\n\t\t\t\t\t\t\t<i class=\"flaticon-survey\"><\/i>\n\t\t\t\t\t\t\t<\/div>\n\t\t\t<div class=\"kyber-service-title\">\n\t\t\t\t<h3 class=\"service-title\">Warranty Survey<\/h3>\n\t\t\t<\/div>\n\t\t\t<div class=\"kyber-service-content\">\t\t\t\t\t\t\n\t\t\t\t<p>Our aim within the scope of pre-purchase survey is to contribute to a sales transaction that will satisfy the interested parties by presenting the real conditions of the boats with evidence, on behalf of the buyer or seller.<\/p>\n\t\t\t\t<a href=\"https:\/\/www.bluemarinsurvey.com\/en\/service\/garanti-sorveyi\/\">Check it out<\/a>\n\t\t\t<\/div>\n\t\t<\/div>\n\t<\/div>\n<\/div>\t\t<\/div>\r\n\t\t\t\t<div class=\"col-xl-4 col-lg-4 col-md-6 col-sm-12\">\r\n\t\t\t<div class=\"kyber-service-slide\">\n\t<div class=\"kyber-service-service-wrapper\">\t\t\t\t\n\t\t<div class=\"kyber-service-service-thumbnail-wrapper\">\n\t\t\t\t\t\t<div class=\"kyber-service-image-container\">\n\t\t\t\t\t\t\t\t\t<img decoding=\"async\" class=\"service-image\" src=\"https:\/\/www.bluemarinsurvey.com\/wp-content\/uploads\/2023\/05\/DSCF5842-copy-600x340.jpg\" alt=\"Makine Surveyi\">\n\t\t\t\t\t\t\t\t<\/div>\t\t\t\t\t\n\t\t<\/div>\n\t\t<div class=\"kyber-service-content-cover\">\n\t\t\t<div class=\"kyber-service-date\">\n\t\t\t\t\t\t\t<i class=\"flaticon-survey\"><\/i>\n\t\t\t\t\t\t\t<\/div>\n\t\t\t<div class=\"kyber-service-title\">\n\t\t\t\t<h3 class=\"service-title\">Machinery Survey<\/h3>\n\t\t\t<\/div>\n\t\t\t<div class=\"kyber-service-content\">\t\t\t\t\t\t\n\t\t\t\t<p>Machinery surveys are performed in the form of physical control and functional tests of main engine and propeller systems, shaft and bearings, steering gear, fuel and exhaust systems, pumps, fire systems, electrical equipment and all other auxiliary systems especially in motor yachts along with the instantaneous loading and parallel operation tests of generators and the functionality controls of the protection circuits at the port.<\/p>\n\t\t\t\t<a href=\"https:\/\/www.bluemarinsurvey.com\/en\/service\/makine-surveyi\/\">Check it out<\/a>\n\t\t\t<\/div>\n\t\t<\/div>\n\t<\/div>\n<\/div>\t\t<\/div>\r\n\t\t\t\t<div class=\"col-xl-4 col-lg-4 col-md-6 col-sm-12\">\r\n\t\t\t<div class=\"kyber-service-slide\">\n\t<div class=\"kyber-service-service-wrapper\">\t\t\t\t\n\t\t<div class=\"kyber-service-service-thumbnail-wrapper\">\n\t\t\t\t\t\t<div class=\"kyber-service-image-container\">\n\t\t\t\t\t\t\t\t\t<img decoding=\"async\" class=\"service-image\" src=\"https:\/\/www.bluemarinsurvey.com\/wp-content\/uploads\/2022\/08\/finance-2-600x340.jpg\" alt=\"De\u011fer Tespit S\u00f6rveyi\">\n\t\t\t\t\t\t\t\t<\/div>\t\t\t\t\t\n\t\t<\/div>\n\t\t<div class=\"kyber-service-content-cover\">\n\t\t\t<div class=\"kyber-service-date\">\n\t\t\t\t\t\t\t<i class=\"flaticon-survey\"><\/i>\n\t\t\t\t\t\t\t<\/div>\n\t\t\t<div class=\"kyber-service-title\">\n\t\t\t\t<h3 class=\"service-title\">Valuation Survey<\/h3>\n\t\t\t<\/div>\n\t\t\t<div class=\"kyber-service-content\">\t\t\t\t\t\t\n\t\t\t\t<p>Valuation survey can be requested by the insurance company, lending bank\/financial institution, yacht owner or potential buyer.<\/p>\n\t\t\t\t<a href=\"https:\/\/www.bluemarinsurvey.com\/en\/service\/deger-tespit-sorveyi\/\">Check it out<\/a>\n\t\t\t<\/div>\n\t\t<\/div>\n\t<\/div>\n<\/div>\t\t<\/div>\r\n\t\t\t\t<div class=\"col-xl-4 col-lg-4 col-md-6 col-sm-12\">\r\n\t\t\t<div class=\"kyber-service-slide\">\n\t<div class=\"kyber-service-service-wrapper\">\t\t\t\t\n\t\t<div class=\"kyber-service-service-thumbnail-wrapper\">\n\t\t\t\t\t\t<div class=\"kyber-service-image-container\">\n\t\t\t\t\t\t\t\t\t<img decoding=\"async\" class=\"service-image\" src=\"https:\/\/www.bluemarinsurvey.com\/wp-content\/uploads\/2022\/08\/ENG1817-1-600x340.jpg\" alt=\"Kapsam\u0131 S\u0131n\u0131rl\u0131 S\u00f6rvey\">\n\t\t\t\t\t\t\t\t<\/div>\t\t\t\t\t\n\t\t<\/div>\n\t\t<div class=\"kyber-service-content-cover\">\n\t\t\t<div class=\"kyber-service-date\">\n\t\t\t\t\t\t\t<i class=\"flaticon-survey\"><\/i>\n\t\t\t\t\t\t\t<\/div>\n\t\t\t<div class=\"kyber-service-title\">\n\t\t\t\t<h3 class=\"service-title\">Limited Scope Survey<\/h3>\n\t\t\t<\/div>\n\t\t\t<div class=\"kyber-service-content\">\t\t\t\t\t\t\n\t\t\t\t<p>It is the technical inspection to be carried out on the agreed issues when requested by the boat owner or buyer candidate. <\/p>\n\t\t\t\t<a href=\"https:\/\/www.bluemarinsurvey.com\/en\/service\/kapsami-sinirli-sorvey\/\">Check it out<\/a>\n\t\t\t<\/div>\n\t\t<\/div>\n\t<\/div>\n<\/div>\t\t<\/div>\r\n\t\t\t\t<div class=\"col-xl-4 col-lg-4 col-md-6 col-sm-12\">\r\n\t\t\t<div class=\"kyber-service-slide\">\n\t<div class=\"kyber-service-service-wrapper\">\t\t\t\t\n\t\t<div class=\"kyber-service-service-thumbnail-wrapper\">\n\t\t\t\t\t\t<div class=\"kyber-service-image-container\">\n\t\t\t\t\t\t\t\t\t<img decoding=\"async\" class=\"service-image\" src=\"https:\/\/www.bluemarinsurvey.com\/wp-content\/uploads\/2022\/08\/shutterstock_356238086-scaled-e1661023878463-600x340.jpg\" alt=\"Tekne G\u00f6vde Surveyi\">\n\t\t\t\t\t\t\t\t<\/div>\t\t\t\t\t\n\t\t<\/div>\n\t\t<div class=\"kyber-service-content-cover\">\n\t\t\t<div class=\"kyber-service-date\">\n\t\t\t\t\t\t\t<i class=\"flaticon-survey\"><\/i>\n\t\t\t\t\t\t\t<\/div>\n\t\t\t<div class=\"kyber-service-title\">\n\t\t\t\t<h3 class=\"service-title\">Hull Survey<\/h3>\n\t\t\t<\/div>\n\t\t\t<div class=\"kyber-service-content\">\t\t\t\t\t\t\n\t\t\t\t<p>This survey is carried out completely independently and as part of a larger scale or pre-purchase survey of the hull structure.<\/p>\n\t\t\t\t<a href=\"https:\/\/www.bluemarinsurvey.com\/en\/service\/tekne-govde-surveyi\/\">Check it out<\/a>\n\t\t\t<\/div>\n\t\t<\/div>\n\t<\/div>\n<\/div>\t\t<\/div>\r\n\t\t\t\t<div class=\"col-xl-4 col-lg-4 col-md-6 col-sm-12\">\r\n\t\t\t<div class=\"kyber-service-slide\">\n\t<div class=\"kyber-service-service-wrapper\">\t\t\t\t\n\t\t<div class=\"kyber-service-service-thumbnail-wrapper\">\n\t\t\t\t\t\t<div class=\"kyber-service-image-container\">\n\t\t\t\t\t\t\t\t\t<img decoding=\"async\" class=\"service-image\" src=\"https:\/\/www.bluemarinsurvey.com\/wp-content\/uploads\/2022\/08\/iStock-182155661-1-600x340.jpg\" alt=\"Gemi &amp; Yat Yeni \u0130n\u015fa Projelerine Destek\">\n\t\t\t\t\t\t\t\t<\/div>\t\t\t\t\t\n\t\t<\/div>\n\t\t<div class=\"kyber-service-content-cover\">\n\t\t\t<div class=\"kyber-service-date\">\n\t\t\t\t\t\t\t<i class=\"flaticon-survey\"><\/i>\n\t\t\t\t\t\t\t<\/div>\n\t\t\t<div class=\"kyber-service-title\">\n\t\t\t\t<h3 class=\"service-title\">Support for Ship &amp; Yacht New Building Projects<\/h3>\n\t\t\t<\/div>\n\t\t\t<div class=\"kyber-service-content\">\t\t\t\t\t\t\n\t\t\t\t<p>As a team that has worked in the shipyard sector for many years, we provide high-level surveillance services in the process from the material supply stage to the delivery of the boat in new construction projects, with the strength we derive from our long years of experience.<\/p>\n\t\t\t\t<a href=\"https:\/\/www.bluemarinsurvey.com\/en\/service\/yeni-insa-projelerine-destek\/\">Check it out<\/a>\n\t\t\t<\/div>\n\t\t<\/div>\n\t<\/div>\n<\/div>\t\t<\/div>\r\n\t\t\t\t<div class=\"col-xl-4 col-lg-4 col-md-6 col-sm-12\">\r\n\t\t\t<div class=\"kyber-service-slide\">\n\t<div class=\"kyber-service-service-wrapper\">\t\t\t\t\n\t\t<div class=\"kyber-service-service-thumbnail-wrapper\">\n\t\t\t\t\t\t<div class=\"kyber-service-image-container\">\n\t\t\t\t\t\t\t\t\t<img decoding=\"async\" class=\"service-image\" src=\"https:\/\/www.bluemarinsurvey.com\/wp-content\/uploads\/2022\/08\/iStock-1365283652-scaled-e1661194772244-600x340.jpg\" alt=\"Refit Projelerine Destek\">\n\t\t\t\t\t\t\t\t<\/div>\t\t\t\t\t\n\t\t<\/div>\n\t\t<div class=\"kyber-service-content-cover\">\n\t\t\t<div class=\"kyber-service-date\">\n\t\t\t\t\t\t\t<i class=\"flaticon-survey\"><\/i>\n\t\t\t\t\t\t\t<\/div>\n\t\t\t<div class=\"kyber-service-title\">\n\t\t\t\t<h3 class=\"service-title\">Refit Project Support<\/h3>\n\t\t\t<\/div>\n\t\t\t<div class=\"kyber-service-content\">\t\t\t\t\t\t\n\t\t\t\t<p>We carry out the supervision of projects related to refit and repair works of sailing and motor yachts with our experienced surveyors.<\/p>\n\t\t\t\t<a href=\"https:\/\/www.bluemarinsurvey.com\/en\/service\/refit-projelerine-destek\/\">Check it out<\/a>\n\t\t\t<\/div>\n\t\t<\/div>\n\t<\/div>\n<\/div>\t\t<\/div>\r\n\t\t\t\t<div class=\"col-xl-4 col-lg-4 col-md-6 col-sm-12\">\r\n\t\t\t<div class=\"kyber-service-slide\">\n\t<div class=\"kyber-service-service-wrapper\">\t\t\t\t\n\t\t<div class=\"kyber-service-service-thumbnail-wrapper\">\n\t\t\t\t\t\t<div class=\"kyber-service-image-container\">\n\t\t\t\t\t\t\t\t\t<img decoding=\"async\" class=\"service-image\" src=\"https:\/\/www.bluemarinsurvey.com\/wp-content\/uploads\/2024\/03\/AdobeStock_181902478-copy-600x340.jpg\" alt=\"\u0130n\u015fa Projelerinde Gemi \u0130\u015fletimi\">\n\t\t\t\t\t\t\t\t<\/div>\t\t\t\t\t\n\t\t<\/div>\n\t\t<div class=\"kyber-service-content-cover\">\n\t\t\t<div class=\"kyber-service-date\">\n\t\t\t\t\t\t\t<i class=\"flaticon-survey\"><\/i>\n\t\t\t\t\t\t\t<\/div>\n\t\t\t<div class=\"kyber-service-title\">\n\t\t\t\t<h3 class=\"service-title\">Ship Operation in Construction Projects<\/h3>\n\t\t\t<\/div>\n\t\t\t<div class=\"kyber-service-content\">\t\t\t\t\t\t\n\t\t\t\t<p>We carry out the supervision of projects related to refit and repair works of sailing and motor yachts with our experienced surveyors.<\/p>\n\t\t\t\t<a href=\"https:\/\/www.bluemarinsurvey.com\/en\/service\/insa-projelerinde-gemi-isletimi\/\">Check it out<\/a>\n\t\t\t<\/div>\n\t\t<\/div>\n\t<\/div>\n<\/div>\t\t<\/div>\r\n\t\t<\/div>\r\n\t\t<\/div>\r\n\t\t<\/div><\/div><\/div><\/div>","protected":false},"excerpt":{"rendered":"\u0130n\u015fa Projelerinde Gemi \u0130\u015fletimi Gemi ve Yatlar\u0131n in\u015fas\u0131nda Liman ve Seyir ko\u015fullar\u0131nda; Gemi sistemlerinin devreye al\u0131nmas\u0131 ve i\u015fletiminin yap\u0131lmas\u0131, Gemi emniyetinin sa\u011flanmas\u0131, Yang\u0131n ve \u0130SG (\u0130\u015f Sa\u011fl\u0131\u011f\u0131 ve G\u00fcvenli\u011fi) a\u00e7\u0131s\u0131ndan sorumlu Tersane\u2019ye g\u00f6rev s\u00fcresi boyunca destek sa\u011flanmas\u0131, Geminin emniyetli seyir ve manevralar\u0131n\u0131n icras\u0131 Donat\u0131m\u0131n\u0131 sa\u011flad\u0131\u011f\u0131m\u0131z profesyonel ve nitelikli gemi adamlar\u0131m\u0131zla sa\u011flan\u0131r. Talep edildi\u011fi takdirde liman [...]","protected":false},"author":2,"featured_media":0,"parent":0,"menu_order":0,"comment_status":"closed","ping_status":"closed","template":"templates\/full-width.php","meta":{"_eb_attr":"","footnotes":""},"class_list":["post-3530","page","type-page","status-publish","hentry"],"_links":{"self":[{"href":"https:\/\/www.bluemarinsurvey.com\/en\/wp-json\/wp\/v2\/pages\/3530","targetHints":{"allow":["GET"]}}],"collection":[{"href":"https:\/\/www.bluemarinsurvey.com\/en\/wp-json\/wp\/v2\/pages"}],"about":[{"href":"https:\/\/www.bluemarinsurvey.com\/en\/wp-json\/wp\/v2\/types\/page"}],"author":[{"embeddable":true,"href":"https:\/\/www.bluemarinsurvey.com\/en\/wp-json\/wp\/v2\/users\/2"}],"replies":[{"embeddable":true,"href":"https:\/\/www.bluemarinsurvey.com\/en\/wp-json\/wp\/v2\/comments?post=3530"}],"version-history":[{"count":2,"href":"https:\/\/www.bluemarinsurvey.com\/en\/wp-json\/wp\/v2\/pages\/3530\/revisions"}],"predecessor-version":[{"id":3532,"href":"https:\/\/www.bluemarinsurvey.com\/en\/wp-json\/wp\/v2\/pages\/3530\/revisions\/3532"}],"wp:attachment":[{"href":"https:\/\/www.bluemarinsurvey.com\/en\/wp-json\/wp\/v2\/media?parent=3530"}],"curies":[{"name":"wp","href":"https:\/\/api.w.org\/{rel}","templated":true}]}}