{"id":3501,"date":"2023-05-16T23:02:56","date_gmt":"2023-05-16T23:02:56","guid":{"rendered":"https:\/\/www.bluemarinsurvey.com\/?page_id=3501"},"modified":"2023-05-16T23:22:59","modified_gmt":"2023-05-16T23:22:59","slug":"proje-destek-hizmetlerimiz","status":"publish","type":"page","link":"https:\/\/www.bluemarinsurvey.com\/en\/proje-destek-hizmetlerimiz\/","title":{"rendered":"Our Project Support Services"},"content":{"rendered":"<div class=\"vc_row wpb_row vc_row-fluid text-center vc_custom_1588487607131 vc_custom_1588487607134 kyber-bg-color-transparent kyber-background-position-left-top kyber-title-color-default\"><div class=\"wpb_column vc_column_container vc_col-sm-12 kyber-bg-color-transparent kyber-background-position-left-top kyber-title-color-default\"><div class=\"vc_column-inner\"><div class=\"wpb_wrapper\">\t\t<div  class=\"kyber_services_wrapper kyber-services-1494393518 kyber-shortcode-wrapper services-style-1 services-layout-grid\">\r\n\t\t\t<div class=\"row\">\r\n\t\t\t<div class=\"col-xl-4 col-lg-6 col-md-6 col-sm-12\">\r\n\t\t\t<div class=\"kyber-service-slide\">\n\t<div class=\"kyber-service-service-wrapper\">\t\t\t\t\n\t\t<div class=\"kyber-service-service-thumbnail-wrapper\">\n\t\t\t\t\t\t<div class=\"kyber-service-image-container\">\n\t\t\t\t\t\t\t\t\t<img decoding=\"async\" class=\"service-image\" src=\"https:\/\/www.bluemarinsurvey.com\/wp-content\/uploads\/2022\/08\/iStock-182155661-1-600x340.jpg\" alt=\"Gemi &amp; Yat Yeni \u0130n\u015fa Projelerine Destek\">\n\t\t\t\t\t\t\t\t<\/div>\t\t\t\t\t\n\t\t<\/div>\n\t\t<div class=\"kyber-service-content-cover\">\n\t\t\t<div class=\"kyber-service-date\">\n\t\t\t\t\t\t\t<i class=\"flaticon-survey\"><\/i>\n\t\t\t\t\t\t\t<\/div>\n\t\t\t<div class=\"kyber-service-title\">\n\t\t\t\t<h3 class=\"service-title\">Support for Ship &amp; Yacht New Building Projects<\/h3>\n\t\t\t<\/div>\n\t\t\t<div class=\"kyber-service-content\">\t\t\t\t\t\t\n\t\t\t\t<p>As a team that has worked in the shipyard sector for many years, we provide high-level surveillance services in the process from the material supply stage to the delivery of the boat in new construction projects, with the strength we derive from our long years of experience.<\/p>\n\t\t\t\t<a href=\"https:\/\/www.bluemarinsurvey.com\/en\/service\/yeni-insa-projelerine-destek\/\">Check it out<\/a>\n\t\t\t<\/div>\n\t\t<\/div>\n\t<\/div>\n<\/div>\t\t<\/div>\r\n\t\t\t\t<div class=\"col-xl-4 col-lg-6 col-md-6 col-sm-12\">\r\n\t\t\t<div class=\"kyber-service-slide\">\n\t<div class=\"kyber-service-service-wrapper\">\t\t\t\t\n\t\t<div class=\"kyber-service-service-thumbnail-wrapper\">\n\t\t\t\t\t\t<div class=\"kyber-service-image-container\">\n\t\t\t\t\t\t\t\t\t<img decoding=\"async\" class=\"service-image\" src=\"https:\/\/www.bluemarinsurvey.com\/wp-content\/uploads\/2022\/08\/iStock-1365283652-scaled-e1661194772244-600x340.jpg\" alt=\"Refit Projelerine Destek\">\n\t\t\t\t\t\t\t\t<\/div>\t\t\t\t\t\n\t\t<\/div>\n\t\t<div class=\"kyber-service-content-cover\">\n\t\t\t<div class=\"kyber-service-date\">\n\t\t\t\t\t\t\t<i class=\"flaticon-survey\"><\/i>\n\t\t\t\t\t\t\t<\/div>\n\t\t\t<div class=\"kyber-service-title\">\n\t\t\t\t<h3 class=\"service-title\">Refit Project Support<\/h3>\n\t\t\t<\/div>\n\t\t\t<div class=\"kyber-service-content\">\t\t\t\t\t\t\n\t\t\t\t<p>We carry out the supervision of projects related to refit and repair works of sailing and motor yachts with our experienced surveyors.<\/p>\n\t\t\t\t<a href=\"https:\/\/www.bluemarinsurvey.com\/en\/service\/refit-projelerine-destek\/\">Check it out<\/a>\n\t\t\t<\/div>\n\t\t<\/div>\n\t<\/div>\n<\/div>\t\t<\/div>\r\n\t\t\t\t<div class=\"col-xl-4 col-lg-6 col-md-6 col-sm-12\">\r\n\t\t\t<div class=\"kyber-service-slide\">\n\t<div class=\"kyber-service-service-wrapper\">\t\t\t\t\n\t\t<div class=\"kyber-service-service-thumbnail-wrapper\">\n\t\t\t\t\t\t<div class=\"kyber-service-image-container\">\n\t\t\t\t\t\t\t\t\t<img decoding=\"async\" class=\"service-image\" src=\"https:\/\/www.bluemarinsurvey.com\/wp-content\/uploads\/2024\/03\/AdobeStock_181902478-copy-600x340.jpg\" alt=\"\u0130n\u015fa Projelerinde Gemi \u0130\u015fletimi\">\n\t\t\t\t\t\t\t\t<\/div>\t\t\t\t\t\n\t\t<\/div>\n\t\t<div class=\"kyber-service-content-cover\">\n\t\t\t<div class=\"kyber-service-date\">\n\t\t\t\t\t\t\t<i class=\"flaticon-survey\"><\/i>\n\t\t\t\t\t\t\t<\/div>\n\t\t\t<div class=\"kyber-service-title\">\n\t\t\t\t<h3 class=\"service-title\">Ship Operation in Construction Projects<\/h3>\n\t\t\t<\/div>\n\t\t\t<div class=\"kyber-service-content\">\t\t\t\t\t\t\n\t\t\t\t<p>We carry out the supervision of projects related to refit and repair works of sailing and motor yachts with our experienced surveyors.<\/p>\n\t\t\t\t<a href=\"https:\/\/www.bluemarinsurvey.com\/en\/service\/insa-projelerinde-gemi-isletimi\/\">Check it out<\/a>\n\t\t\t<\/div>\n\t\t<\/div>\n\t<\/div>\n<\/div>\t\t<\/div>\r\n\t\t<\/div>\r\n\t\t<\/div>\r\n\t\t<\/div><\/div><\/div><\/div>","protected":false},"excerpt":{"rendered":"\u0130n\u015fa Projelerinde Gemi \u0130\u015fletimi Gemi ve Yatlar\u0131n in\u015fas\u0131nda Liman ve Seyir ko\u015fullar\u0131nda; Gemi sistemlerinin devreye al\u0131nmas\u0131 ve i\u015fletiminin yap\u0131lmas\u0131, Gemi emniyetinin sa\u011flanmas\u0131, Yang\u0131n ve \u0130SG (\u0130\u015f Sa\u011fl\u0131\u011f\u0131 ve G\u00fcvenli\u011fi) a\u00e7\u0131s\u0131ndan sorumlu Tersane\u2019ye g\u00f6rev s\u00fcresi boyunca destek sa\u011flanmas\u0131, Geminin emniyetli seyir ve manevralar\u0131n\u0131n icras\u0131 Donat\u0131m\u0131n\u0131 sa\u011flad\u0131\u011f\u0131m\u0131z profesyonel ve nitelikli gemi adamlar\u0131m\u0131zla sa\u011flan\u0131r. Talep edildi\u011fi takdirde liman [...]","protected":false},"author":2,"featured_media":0,"parent":0,"menu_order":0,"comment_status":"closed","ping_status":"closed","template":"templates\/full-width.php","meta":{"_eb_attr":"","footnotes":""},"class_list":["post-3501","page","type-page","status-publish","hentry"],"_links":{"self":[{"href":"https:\/\/www.bluemarinsurvey.com\/en\/wp-json\/wp\/v2\/pages\/3501","targetHints":{"allow":["GET"]}}],"collection":[{"href":"https:\/\/www.bluemarinsurvey.com\/en\/wp-json\/wp\/v2\/pages"}],"about":[{"href":"https:\/\/www.bluemarinsurvey.com\/en\/wp-json\/wp\/v2\/types\/page"}],"author":[{"embeddable":true,"href":"https:\/\/www.bluemarinsurvey.com\/en\/wp-json\/wp\/v2\/users\/2"}],"replies":[{"embeddable":true,"href":"https:\/\/www.bluemarinsurvey.com\/en\/wp-json\/wp\/v2\/comments?post=3501"}],"version-history":[{"count":2,"href":"https:\/\/www.bluemarinsurvey.com\/en\/wp-json\/wp\/v2\/pages\/3501\/revisions"}],"predecessor-version":[{"id":3509,"href":"https:\/\/www.bluemarinsurvey.com\/en\/wp-json\/wp\/v2\/pages\/3501\/revisions\/3509"}],"wp:attachment":[{"href":"https:\/\/www.bluemarinsurvey.com\/en\/wp-json\/wp\/v2\/media?parent=3501"}],"curies":[{"name":"wp","href":"https:\/\/api.w.org\/{rel}","templated":true}]}}